{"id":1143,"date":"2015-04-23T12:35:21","date_gmt":"2015-04-23T12:35:21","guid":{"rendered":"http:\/\/newsite.zodiac.nl\/de\/company\/founding\/"},"modified":"2023-01-16T15:40:03","modified_gmt":"2023-01-16T14:40:03","slug":"founding","status":"publish","type":"page","link":"https:\/\/zodiac.nl\/de\/company\/founding\/","title":{"rendered":"Gr\u00fcndung"},"content":{"rendered":"<p><img loading=\"lazy\" decoding=\"async\" class=\"alignnone wp-image-1501 size-full\" src=\"http:\/\/zodiac.nl\/wp-content\/uploads\/2015\/04\/zodiac-racing.jpg\" alt=\"zodiac-racing\" width=\"1024\" height=\"1024\" srcset=\"https:\/\/zodiac.nl\/wp-content\/uploads\/2015\/04\/zodiac-racing.jpg 1024w, https:\/\/zodiac.nl\/wp-content\/uploads\/2015\/04\/zodiac-racing-150x150.jpg 150w, https:\/\/zodiac.nl\/wp-content\/uploads\/2015\/04\/zodiac-racing-300x300.jpg 300w, https:\/\/zodiac.nl\/wp-content\/uploads\/2015\/04\/zodiac-racing-768x768.jpg 768w\" sizes=\"auto, (max-width: 1024px) 100vw, 1024px\" \/><\/p>\n<p>1984 gr\u00fcndete der legend\u00e4re Ton \u201eThe Godfather\u201c Pels Zodiac Motorcycle Products B.V. (sp\u00e4ter in Zodiac International B.V. umbenannt) und wir waren das erste europaweite Vertriebszentrum f\u00fcr Harley-Davidson-Motorrad-Aftermarket-Teile.<br \/>\nHeute wird Zodiac von Tons Sohn Vincent Pels geleitet, der dort aufgewachsen ist und die Leidenschaft und Vision seines Vaters f\u00fcr die Branche teilt. Zodiac ist zentral gelegen, nur 20 km von der Hauptstadt Amsterdam entfernt, und wir arbeiten hart daran, weiterhin der f\u00fchrende Distributor f\u00fcr Teile und Zubeh\u00f6r f\u00fcr Harley-Davidsons und speziell angefertigte Custom-Bikes in Europa zu sein.<br \/>\nTrotz unseres riesigen Lagerbestands erweitern wir das Sortiment mit fast 40.000 hochwertigen Produkten \u00fcber unser einzigartiges internationales H\u00e4ndlernetz weiter. Und von unserem 50.000 Quadratmeter gro\u00dfen Lager aus betreiben wir ein Logistiksystem, das sicherstellt, dass alle Bestellungen t\u00e4glich professionell nach ganz Europa und dar\u00fcber hinaus versendet werden.<\/p>\n<p><div class=\"gallery gallery-1143-2\"><div class=\"row gallery-row\"><div class=\"col-sm-4 col-lg-4\"><img loading=\"lazy\" decoding=\"async\" width=\"300\" height=\"200\" src=\"https:\/\/zodiac.nl\/wp-content\/uploads\/2015\/06\/zodiac_magazijn_5-300x200.jpg\" class=\"thumbnail img-thumbnail\" alt=\"\" srcset=\"https:\/\/zodiac.nl\/wp-content\/uploads\/2015\/06\/zodiac_magazijn_5-300x200.jpg 300w, https:\/\/zodiac.nl\/wp-content\/uploads\/2015\/06\/zodiac_magazijn_5-768x512.jpg 768w, https:\/\/zodiac.nl\/wp-content\/uploads\/2015\/06\/zodiac_magazijn_5-1024x683.jpg 1024w, https:\/\/zodiac.nl\/wp-content\/uploads\/2015\/06\/zodiac_magazijn_5-900x600.jpg 900w, https:\/\/zodiac.nl\/wp-content\/uploads\/2015\/06\/zodiac_magazijn_5.jpg 1200w\" sizes=\"auto, (max-width: 300px) 100vw, 300px\" \/><\/div><div class=\"col-sm-4 col-lg-4\"><img loading=\"lazy\" decoding=\"async\" width=\"300\" height=\"200\" src=\"https:\/\/zodiac.nl\/wp-content\/uploads\/2015\/06\/zodiac_magazijn_7-300x200.jpg\" class=\"thumbnail img-thumbnail\" alt=\"\" srcset=\"https:\/\/zodiac.nl\/wp-content\/uploads\/2015\/06\/zodiac_magazijn_7-300x200.jpg 300w, https:\/\/zodiac.nl\/wp-content\/uploads\/2015\/06\/zodiac_magazijn_7-768x512.jpg 768w, https:\/\/zodiac.nl\/wp-content\/uploads\/2015\/06\/zodiac_magazijn_7-1024x683.jpg 1024w, https:\/\/zodiac.nl\/wp-content\/uploads\/2015\/06\/zodiac_magazijn_7-900x600.jpg 900w, https:\/\/zodiac.nl\/wp-content\/uploads\/2015\/06\/zodiac_magazijn_7.jpg 1200w\" sizes=\"auto, (max-width: 300px) 100vw, 300px\" \/><\/div><div class=\"col-sm-4 col-lg-4\"><img loading=\"lazy\" decoding=\"async\" width=\"300\" height=\"200\" src=\"https:\/\/zodiac.nl\/wp-content\/uploads\/2015\/06\/zodiac_magazijn_9-300x200.jpg\" class=\"thumbnail img-thumbnail\" alt=\"\" srcset=\"https:\/\/zodiac.nl\/wp-content\/uploads\/2015\/06\/zodiac_magazijn_9-300x200.jpg 300w, https:\/\/zodiac.nl\/wp-content\/uploads\/2015\/06\/zodiac_magazijn_9-768x512.jpg 768w, https:\/\/zodiac.nl\/wp-content\/uploads\/2015\/06\/zodiac_magazijn_9-1024x683.jpg 1024w, https:\/\/zodiac.nl\/wp-content\/uploads\/2015\/06\/zodiac_magazijn_9-900x600.jpg 900w, https:\/\/zodiac.nl\/wp-content\/uploads\/2015\/06\/zodiac_magazijn_9.jpg 1200w\" sizes=\"auto, (max-width: 300px) 100vw, 300px\" \/><\/div><\/div><\/div><br \/>\nJedes Jahr erweitern wir unsere Produktpalette um Tausende neuer und aufregender Artikel unserer eigenen Zodiac-Marke und von bestehenden Lieferanten sowie neuen Lieferanten aus den USA, Europa, Japan und Australien. Wir engagieren uns zu 100 % f\u00fcr die sich st\u00e4ndig ver\u00e4ndernde Fahrradszene und lieben, was wir tun. Wir sind Perfektionisten und streben danach, Ihnen das Beste zu liefern, daher unser Ruf, &#8222;f\u00fcr die Menschen da zu sein, mit den Menschen&#8220;.<\/p>\n","protected":false},"excerpt":{"rendered":"<p>1984 gr\u00fcndete der legend\u00e4re Ton \u201eThe Godfather\u201c Pels Zodiac Motorcycle Products B.V. (sp\u00e4ter in Zodiac International B.V. umbenannt) und wir waren das erste europaweite Vertriebszentrum f\u00fcr Harley-Davidson-Motorrad-Aftermarket-Teile. Heute wird Zodiac von Tons Sohn Vincent Pels geleitet, der dort aufgewachsen ist und die Leidenschaft und Vision seines Vaters f\u00fcr die Branche teilt. Zodiac ist zentral gelegen, &hellip; <a href=\"https:\/\/zodiac.nl\/de\/company\/founding\/\">Continued<\/a><\/p>\n","protected":false},"author":5,"featured_media":0,"parent":1036,"menu_order":0,"comment_status":"closed","ping_status":"closed","template":"","meta":{"footnotes":""},"class_list":["post-1143","page","type-page","status-publish","hentry"],"acf":[],"yoast_head":"<!-- This site is optimized with the Yoast SEO plugin v27.5 - https:\/\/yoast.com\/product\/yoast-seo-wordpress\/ -->\n<title>Gr\u00fcndung - Zodiac<\/title>\n<meta name=\"robots\" content=\"index, follow, max-snippet:-1, max-image-preview:large, max-video-preview:-1\" \/>\n<link rel=\"canonical\" href=\"https:\/\/zodiac.nl\/de\/company\/founding\/\" \/>\n<meta property=\"og:locale\" content=\"de_DE\" \/>\n<meta property=\"og:type\" content=\"article\" \/>\n<meta property=\"og:title\" content=\"Gr\u00fcndung - Zodiac\" \/>\n<meta property=\"og:description\" content=\"1984 gr\u00fcndete der legend\u00e4re Ton \u201eThe Godfather\u201c Pels Zodiac Motorcycle Products B.V. (sp\u00e4ter in Zodiac International B.V. umbenannt) und wir waren das erste europaweite Vertriebszentrum f\u00fcr Harley-Davidson-Motorrad-Aftermarket-Teile. Heute wird Zodiac von Tons Sohn Vincent Pels geleitet, der dort aufgewachsen ist und die Leidenschaft und Vision seines Vaters f\u00fcr die Branche teilt. Zodiac ist zentral gelegen, &hellip; Continued\" \/>\n<meta property=\"og:url\" content=\"https:\/\/zodiac.nl\/de\/company\/founding\/\" \/>\n<meta property=\"og:site_name\" content=\"Zodiac\" \/>\n<meta property=\"article:modified_time\" content=\"2023-01-16T14:40:03+00:00\" \/>\n<meta property=\"og:image\" content=\"https:\/\/zodiac.nl\/wp-content\/uploads\/2015\/06\/zodiac_magazijn_5-300x200.jpg\" \/>\n<meta name=\"twitter:card\" content=\"summary_large_image\" \/>\n<meta name=\"twitter:label1\" content=\"Gesch\u00e4tzte Lesezeit\" \/>\n\t<meta name=\"twitter:data1\" content=\"2\u00a0Minuten\" \/>\n<script type=\"application\/ld+json\" class=\"yoast-schema-graph\">{\"@context\":\"https:\\\/\\\/schema.org\",\"@graph\":[{\"@type\":\"WebPage\",\"@id\":\"https:\\\/\\\/zodiac.nl\\\/de\\\/company\\\/founding\\\/\",\"url\":\"https:\\\/\\\/zodiac.nl\\\/de\\\/company\\\/founding\\\/\",\"name\":\"Gr\u00fcndung - Zodiac\",\"isPartOf\":{\"@id\":\"https:\\\/\\\/zodiac.nl\\\/de\\\/#website\"},\"primaryImageOfPage\":{\"@id\":\"https:\\\/\\\/zodiac.nl\\\/de\\\/company\\\/founding\\\/#primaryimage\"},\"image\":{\"@id\":\"https:\\\/\\\/zodiac.nl\\\/de\\\/company\\\/founding\\\/#primaryimage\"},\"thumbnailUrl\":\"http:\\\/\\\/zodiac.nl\\\/wp-content\\\/uploads\\\/2015\\\/04\\\/zodiac-racing.jpg\",\"datePublished\":\"2015-04-23T12:35:21+00:00\",\"dateModified\":\"2023-01-16T14:40:03+00:00\",\"breadcrumb\":{\"@id\":\"https:\\\/\\\/zodiac.nl\\\/de\\\/company\\\/founding\\\/#breadcrumb\"},\"inLanguage\":\"de\",\"potentialAction\":[{\"@type\":\"ReadAction\",\"target\":[\"https:\\\/\\\/zodiac.nl\\\/de\\\/company\\\/founding\\\/\"]}]},{\"@type\":\"ImageObject\",\"inLanguage\":\"de\",\"@id\":\"https:\\\/\\\/zodiac.nl\\\/de\\\/company\\\/founding\\\/#primaryimage\",\"url\":\"http:\\\/\\\/zodiac.nl\\\/wp-content\\\/uploads\\\/2015\\\/04\\\/zodiac-racing.jpg\",\"contentUrl\":\"http:\\\/\\\/zodiac.nl\\\/wp-content\\\/uploads\\\/2015\\\/04\\\/zodiac-racing.jpg\"},{\"@type\":\"BreadcrumbList\",\"@id\":\"https:\\\/\\\/zodiac.nl\\\/de\\\/company\\\/founding\\\/#breadcrumb\",\"itemListElement\":[{\"@type\":\"ListItem\",\"position\":1,\"name\":\"Home\",\"item\":\"https:\\\/\\\/zodiac.nl\\\/de\\\/\"},{\"@type\":\"ListItem\",\"position\":2,\"name\":\"Firma\",\"item\":\"https:\\\/\\\/zodiac.nl\\\/de\\\/company\\\/\"},{\"@type\":\"ListItem\",\"position\":3,\"name\":\"Gr\u00fcndung\"}]},{\"@type\":\"WebSite\",\"@id\":\"https:\\\/\\\/zodiac.nl\\\/de\\\/#website\",\"url\":\"https:\\\/\\\/zodiac.nl\\\/de\\\/\",\"name\":\"Zodiac\",\"description\":\"Original parts &amp; accessories for Harley-Davidson\",\"potentialAction\":[{\"@type\":\"SearchAction\",\"target\":{\"@type\":\"EntryPoint\",\"urlTemplate\":\"https:\\\/\\\/zodiac.nl\\\/de\\\/?s={search_term_string}\"},\"query-input\":{\"@type\":\"PropertyValueSpecification\",\"valueRequired\":true,\"valueName\":\"search_term_string\"}}],\"inLanguage\":\"de\"}]}<\/script>\n<!-- \/ Yoast SEO plugin. -->","yoast_head_json":{"title":"Gr\u00fcndung - Zodiac","robots":{"index":"index","follow":"follow","max-snippet":"max-snippet:-1","max-image-preview":"max-image-preview:large","max-video-preview":"max-video-preview:-1"},"canonical":"https:\/\/zodiac.nl\/de\/company\/founding\/","og_locale":"de_DE","og_type":"article","og_title":"Gr\u00fcndung - Zodiac","og_description":"1984 gr\u00fcndete der legend\u00e4re Ton \u201eThe Godfather\u201c Pels Zodiac Motorcycle Products B.V. (sp\u00e4ter in Zodiac International B.V. umbenannt) und wir waren das erste europaweite Vertriebszentrum f\u00fcr Harley-Davidson-Motorrad-Aftermarket-Teile. Heute wird Zodiac von Tons Sohn Vincent Pels geleitet, der dort aufgewachsen ist und die Leidenschaft und Vision seines Vaters f\u00fcr die Branche teilt. Zodiac ist zentral gelegen, &hellip; Continued","og_url":"https:\/\/zodiac.nl\/de\/company\/founding\/","og_site_name":"Zodiac","article_modified_time":"2023-01-16T14:40:03+00:00","og_image":[{"url":"https:\/\/zodiac.nl\/wp-content\/uploads\/2015\/06\/zodiac_magazijn_5-300x200.jpg","type":"","width":"","height":""}],"twitter_card":"summary_large_image","twitter_misc":{"Gesch\u00e4tzte Lesezeit":"2\u00a0Minuten"},"schema":{"@context":"https:\/\/schema.org","@graph":[{"@type":"WebPage","@id":"https:\/\/zodiac.nl\/de\/company\/founding\/","url":"https:\/\/zodiac.nl\/de\/company\/founding\/","name":"Gr\u00fcndung - Zodiac","isPartOf":{"@id":"https:\/\/zodiac.nl\/de\/#website"},"primaryImageOfPage":{"@id":"https:\/\/zodiac.nl\/de\/company\/founding\/#primaryimage"},"image":{"@id":"https:\/\/zodiac.nl\/de\/company\/founding\/#primaryimage"},"thumbnailUrl":"http:\/\/zodiac.nl\/wp-content\/uploads\/2015\/04\/zodiac-racing.jpg","datePublished":"2015-04-23T12:35:21+00:00","dateModified":"2023-01-16T14:40:03+00:00","breadcrumb":{"@id":"https:\/\/zodiac.nl\/de\/company\/founding\/#breadcrumb"},"inLanguage":"de","potentialAction":[{"@type":"ReadAction","target":["https:\/\/zodiac.nl\/de\/company\/founding\/"]}]},{"@type":"ImageObject","inLanguage":"de","@id":"https:\/\/zodiac.nl\/de\/company\/founding\/#primaryimage","url":"http:\/\/zodiac.nl\/wp-content\/uploads\/2015\/04\/zodiac-racing.jpg","contentUrl":"http:\/\/zodiac.nl\/wp-content\/uploads\/2015\/04\/zodiac-racing.jpg"},{"@type":"BreadcrumbList","@id":"https:\/\/zodiac.nl\/de\/company\/founding\/#breadcrumb","itemListElement":[{"@type":"ListItem","position":1,"name":"Home","item":"https:\/\/zodiac.nl\/de\/"},{"@type":"ListItem","position":2,"name":"Firma","item":"https:\/\/zodiac.nl\/de\/company\/"},{"@type":"ListItem","position":3,"name":"Gr\u00fcndung"}]},{"@type":"WebSite","@id":"https:\/\/zodiac.nl\/de\/#website","url":"https:\/\/zodiac.nl\/de\/","name":"Zodiac","description":"Original parts &amp; accessories for Harley-Davidson","potentialAction":[{"@type":"SearchAction","target":{"@type":"EntryPoint","urlTemplate":"https:\/\/zodiac.nl\/de\/?s={search_term_string}"},"query-input":{"@type":"PropertyValueSpecification","valueRequired":true,"valueName":"search_term_string"}}],"inLanguage":"de"}]}},"_links":{"self":[{"href":"https:\/\/zodiac.nl\/de\/wp-json\/wp\/v2\/pages\/1143","targetHints":{"allow":["GET"]}}],"collection":[{"href":"https:\/\/zodiac.nl\/de\/wp-json\/wp\/v2\/pages"}],"about":[{"href":"https:\/\/zodiac.nl\/de\/wp-json\/wp\/v2\/types\/page"}],"author":[{"embeddable":true,"href":"https:\/\/zodiac.nl\/de\/wp-json\/wp\/v2\/users\/5"}],"replies":[{"embeddable":true,"href":"https:\/\/zodiac.nl\/de\/wp-json\/wp\/v2\/comments?post=1143"}],"version-history":[{"count":7,"href":"https:\/\/zodiac.nl\/de\/wp-json\/wp\/v2\/pages\/1143\/revisions"}],"predecessor-version":[{"id":50915,"href":"https:\/\/zodiac.nl\/de\/wp-json\/wp\/v2\/pages\/1143\/revisions\/50915"}],"up":[{"embeddable":true,"href":"https:\/\/zodiac.nl\/de\/wp-json\/wp\/v2\/pages\/1036"}],"wp:attachment":[{"href":"https:\/\/zodiac.nl\/de\/wp-json\/wp\/v2\/media?parent=1143"}],"curies":[{"name":"wp","href":"https:\/\/api.w.org\/{rel}","templated":true}]}}