{"id":1188,"date":"2015-04-21T13:51:08","date_gmt":"2015-04-21T13:51:08","guid":{"rendered":"http:\/\/newsite.zodiac.nl\/de\/privacy-policy\/"},"modified":"2021-09-27T10:57:06","modified_gmt":"2021-09-27T08:57:06","slug":"privacy-policy","status":"publish","type":"page","link":"https:\/\/zodiac.nl\/de\/privacy-policy\/","title":{"rendered":"Datenschutz und Datensicherung Richtlinien"},"content":{"rendered":"<ol>\n<li style=\"font-weight: bold;\">Datenschutzgrunds\u00e4tze<\/li>\n<\/ol>\n<p>Zodiac International B.V. verpflichtet sich, Daten im Einklang mit seinen Verantwortlichkeiten gem\u00e4\u00df der Datenschutz-Grundverordnung (DSGVO) zu verarbeiten.<\/p>\n<p>Bei Fragen zu Ihrem Datenschutz, den von uns gespeicherten pers\u00f6nlichen Daten oder unserer Datenschutzrichtlinie kontaktieren Sie uns bitte per E-Mail, telefonisch, per Post oder \u00fcber eines unserer europ\u00e4ischen Verkaufsb\u00fcros, die Sie auf der <a href=\"\/de\/contact\/\">Kontaktseite<\/a> finden.<br \/>\nZodiac International B.V.<br \/>\nIndustrieweg 44<br \/>\n3641 RM Mijdrecht<br \/>\nThe Netherlands<br \/>\nPhone: <a href=\"tel:+31297288621\">+31-(0)297 28 86 21<\/a><br \/>\nFax: +31-(0)297 28 82 26<br \/>\nEmail: <a href=\"https:\/\/zodiac.nl\/de\/contact\/\">Bitte benutzen Sie unser Kontaktformular<\/a><\/p>\n<p>Nach Artikel 5 der Datenschutz-Grundverordnung m\u00fcssen personenbezogene Daten:<\/p>\n<ol type=\"a\">\n<li>in Bezug auf Einzelpersonen rechtm\u00e4\u00dfig, fair und transparent verarbeitet werden;<\/li>\n<li>f\u00fcr festgelegte, eindeutige und rechtm\u00e4\u00dfige Zwecke gesammelt und nicht in einer Weise weiterverarbeitet werden, die mit diesen Zwecken nicht vereinbar ist;<\/li>\n<li>angemessen, relevant und auf das beschr\u00e4nkt werden, was f\u00fcr die Zwecke, f\u00fcr die sie verarbeitet werden, erforderlich ist;<\/li>\n<li>genau und, wenn n\u00f6tig, auf dem neuesten Stand gehalten werden;<\/li>\n<li>in einer Form aufbewahrt werden, die es erm\u00f6glicht, die betroffenen Personen nicht l\u00e4nger als f\u00fcr die Zwecke, zu denen die personenbezogenen Daten verarbeitet werden, erforderlich zu ermitteln; personenbezogene Daten k\u00f6nnen f\u00fcr l\u00e4ngere Zeit gespeichert werden, sofern die von der Datenschutz-Grundverordnung geforderten angemessenen technischen und organisatorischen Ma\u00dfnahmen ergriffen werden, um die Rechte und Freiheiten des Einzelnen zu sch\u00fctzen; und<\/li>\n<li>in einer Weise verarbeitet werden, die eine angemessene Sicherheit der personenbezogenen Daten, einschlie\u00dflich des Schutzes vor unbefugter oder rechtswidriger Verarbeitung und vor unbeabsichtigtem Verlust, Zerst\u00f6rung oder Besch\u00e4digung, durch geeignete technische oder organisatorische Ma\u00dfnahmen gew\u00e4hrleistet.<\/li>\n<\/ol>\n<ol start=\"2\">\n<li style=\"font-weight: bold;\">Allgemeine Bestimmungen<\/li>\n<\/ol>\n<ol type=\"a\">\n<li>Diese Richtlinie gilt f\u00fcr alle personenbezogenen Daten, die von Zodiac International B.V. und ihren europ\u00e4ischen Vertriebsb\u00fcros verarbeitet werden (siehe <a href=\"\/de\/contact\/\">Kontaktseite<\/a> f\u00fcr Standorte).<\/li>\n<li>Zodiac International B.V. \u00fcbernimmt die Verantwortung f\u00fcr die laufende Einhaltung dieser Richtlinie.<\/li>\n<li>Da Zodiac International B.V. B\u00fcros in mehreren europ\u00e4ischen L\u00e4ndern unterh\u00e4lt, gibt es eine grenz\u00fcberschreitende Zusammenarbeit. Zodiac International B.V. in Mijdrecht, Niederlande ist unser niederl\u00e4ndisches Hauptquartier, die niederl\u00e4ndische Datenschutzbeh\u00f6rde ist die f\u00fchrende Aufsichtsbeh\u00f6rde.<\/li>\n<li>Diese Bestimmungen werden \u00fcberpr\u00fcft, wenn \u00c4nderungen der DSGVO oder neue Vorschriften dies erfordern.<\/li>\n<\/ol>\n<ol start=\"3\">\n<li style=\"font-weight: bold;\">Rechtm\u00e4\u00dfige, faire und transparente Verarbeitung<\/li>\n<\/ol>\n<ol type=\"a\">\n<li>Um sicherzustellen, dass die Verarbeitung der Daten rechtm\u00e4\u00dfig, fair und transparent erfolgt, muss Zodiac International B.V. ein Systemregister f\u00fchren.<\/li>\n<li>Das Systemregister wird mindestens einmal j\u00e4hrlich \u00fcberpr\u00fcft.<\/li>\n<li>Einzelpersonen haben das Recht, auf ihre pers\u00f6nlichen Daten zuzugreifen, und alle Anfragen, die an Zodiac International B.V. gerichtet werden, m\u00fcssen zeitnah behandelt werden.<\/li>\n<\/ol>\n<ol start=\"4\">\n<li style=\"font-weight: bold;\">Rechtm\u00e4\u00dfige, faire und transparente Verarbeitung.<\/li>\n<\/ol>\n<ol type=\"a\">\n<li>Alle Daten, die von Zodiac International B.V. verarbeitet werden, m\u00fcssen auf einer der folgenden gesetzlichen Grundlagen erfolgen: Zustimmung, Vertrag, gesetzliche Verpflichtung, lebenswichtige Interessen, \u00f6ffentliche Aufgabe oder berechtigte Interessen.<\/li>\n<li>Einzelpersonen haben das Recht, auf ihre pers\u00f6nlichen Daten zuzugreifen, und alle Anfragen, die an Zodiac International B.V. gerichtet werden, m\u00fcssen zeitnah behandelt werden.<\/li>\n<li>Wenn die Einwilligung als rechtm\u00e4\u00dfige Grundlage f\u00fcr die Verarbeitung von Daten herangezogen wird, muss die Einwilligung zur Einwilligung bei der Anforderung der personenbezogenen Daten eingeholt werden.<\/li>\n<li>Wenn Mitteilungen an Einzelpersonen aufgrund ihrer Einwilligung gesendet werden, sollte die M\u00f6glichkeit f\u00fcr die Person, ihre Einwilligung zu widerrufen, klar verf\u00fcgbar sein und es sollten Systeme vorhanden sein, um sicherzustellen, dass diese Widerrufung in den Systemen von Zodiac International B.V. genau widergespiegelt wird.<\/li>\n<li>Wenn ein anderes Unternehmen die personenbezogenen Daten f\u00fcr Zodiac International B.V. verarbeitet und speichert, muss Zodiac International B.V. eine Verarbeitungsvereinbarung mit diesem Unternehmen abschlie\u00dfen. Diese Verarbeitungsvereinbarung muss den Zweck und die Art der Verarbeitung sowie die Art der Verarbeitung personenbezogener Daten enthalten.<br \/>\nDar\u00fcber hinaus muss vereinbart werden, dass:<\/p>\n<ul type=\"circle\">\n<li>Die Verarbeitung erfolgt ausschlie\u00dflich aufgrund Ihrer schriftlichen Anweisungen. Daher d\u00fcrfen keine personenbezogenen Daten f\u00fcr andere Zwecke verwendet werden;<\/li>\n<li>Personen, die bei dem Auftragsverarbeiter angestellt sind oder f\u00fcr diesen arbeiten, sind zur Vertraulichkeit verpflichtet;<\/li>\n<li>Der Bearbeiter ergreift geeignete technische und organisatorische Ma\u00dfnahmen, um die Verarbeitung personenbezogener Daten sicherzustellen;<\/li>\n<li>Der Verarbeiter darf die Verarbeitung ohne Ihre schriftliche Zustimmung nicht von einer anderen Person durchf\u00fchren lassen;<\/li>\n<li>Der Prozessor hilft dabei, Anfragen von betroffenen Personen zu erf\u00fcllen, wenn es um ihre Privatsph\u00e4re geht. Wie das Recht auf Zugang, Berichtigung, Vergessenheit und Daten\u00fcbertragbarkeit;<\/li>\n<li>Der Prozessor hilft, andere Verpflichtungen zu erf\u00fcllen, z. B. das Melden von Datenlecks;<\/li>\n<li>Der Prozessor entfernt die Daten oder gibt sie am Ende der Verarbeitungsdienste zur\u00fcck. Er entfernt auch Kopien, es sei denn, der Verarbeiter ist gesetzlich dazu verpflichtet, die Daten zu speichern;<\/li>\n<li>Der Prozessor arbeitet mit Audits zusammen. Zu diesem Zweck stellt der Bearbeiter alle relevanten Informationen zur Verf\u00fcgung, so dass \u00fcberpr\u00fcft werden kann, ob er die oben genannten Pflichten als Bearbeiter erf\u00fcllt.<\/li>\n<\/ul>\n<\/li>\n<\/ol>\n<ol start=\"5\">\n<li style=\"font-weight: bold;\">Datenminimierung<\/li>\n<\/ol>\n<ol type=\"a\">\n<li>Zodiac International B.V. stellt sicher, dass personenbezogene Daten angemessen, relevant und auf das beschr\u00e4nkt sind, was f\u00fcr die Zwecke, f\u00fcr die sie verarbeitet werden, erforderlich ist.<\/li>\n<\/ol>\n<ol start=\"6\">\n<li style=\"font-weight: bold;\">Richtigkeit<\/li>\n<\/ol>\n<ol type=\"a\">\n<li>Zodiac International B.V. wird angemessene Schritte unternehmen, um sicherzustellen, dass personenbezogene Daten korrekt sind.<\/li>\n<li>Soweit dies f\u00fcr die rechtm\u00e4\u00dfige Grundlage, auf der Daten verarbeitet werden, erforderlich ist, m\u00fcssen Schritte unternommen werden, um sicherzustellen, dass personenbezogene Daten auf dem neuesten Stand gehalten werden.<\/li>\n<\/ol>\n<ol start=\"7\">\n<li style=\"font-weight: bold;\">Sicherheit<\/li>\n<\/ol>\n<ol type=\"a\">\n<li>Zodiac International B.V. stellt sicher, dass pers\u00f6nliche Daten sicher gespeichert werden, indem moderne Software verwendet wird, die auf dem neuesten Stand gehalten wird.<\/li>\n<li>Wenn pers\u00f6nliche Daten gel\u00f6scht werden, sollte dies sicher geschehen, so dass die Daten nicht wiederherstellbar sind.<\/li>\n<li>Geeignete Sicherungs- und Notfallwiederherstellungsl\u00f6sungen m\u00fcssen vorhanden sein.<\/li>\n<\/ol>\n<ol start=\"8\">\n<li style=\"font-weight: bold;\">Sicherheitsverletzung<\/li>\n<\/ol>\n<p>Im Falle einer Sicherheitsverletzung, die zur versehentlichen oder unrechtm\u00e4\u00dfigen Zerst\u00f6rung, zum Verlust, zur Ver\u00e4nderung, zur unbefugten Weitergabe oder zum Zugriff auf personenbezogene Daten f\u00fchrt, beurteilt Zodiac International BV unverz\u00fcglich das Risiko f\u00fcr die Rechte und Freiheiten der Personen und meldet gegebenenfalls diesen Versto\u00df an die Niederl\u00e4ndische Datenschutzbeh\u00f6rde (DPA).<\/p>\n<ol start=\"9\">\n<li style=\"font-weight: bold;\">Cookie-Richtlinie<\/li>\n<\/ol>\n<p>Cookies sind kleine Textdateien, die von besuchten Websites auf Ihrem Computer abgelegt werden. Sie werden h\u00e4ufig verwendet, um Websites zum Funktionieren zu bringen oder effizienter zu arbeiten und den Besitzern der Website Informationen zur Verf\u00fcgung zu stellen.<br \/>\nZodiac International B.V. hat Cookies auf Ihrem Ger\u00e4t platziert, um diese Webseite besser zu machen. Einige der von uns verwendeten Cookies sind f\u00fcr das Funktionieren der Website unerl\u00e4sslich.<br \/>\nWir verwenden auch einige nicht essentielle Cookies wie Google Analytics-Cookies, um Informationen zur Erstellung von Berichten zu sammeln und uns bei der Verbesserung der Website zu helfen. Die Cookies, die diese Website verwendet, einschlie\u00dflich der von Google Analytics, sammeln Informationen in anonymer Form.<\/p>\n<p>\nDiese Website ist durch reCAPTCHA gesch\u00fctzt und es gelten die <a href=\"https:\/\/policies.google.com\/privacy?hl=de\" target=\"_blank\" rel=\"noopener\">Datenschutzbestimmungen<\/a> und <a href=\"https:\/\/policies.google.com\/terms?hl=de\" target=\"_blank\" rel=\"noopener\">Nutzungsbedingungen<\/a> von Google.<\/p>\n","protected":false},"excerpt":{"rendered":"<p>Datenschutzgrunds\u00e4tze Zodiac International B.V. verpflichtet sich, Daten im Einklang mit seinen Verantwortlichkeiten gem\u00e4\u00df der Datenschutz-Grundverordnung (DSGVO) zu verarbeiten. Bei Fragen zu Ihrem Datenschutz, den von uns gespeicherten pers\u00f6nlichen Daten oder unserer Datenschutzrichtlinie kontaktieren Sie uns bitte per E-Mail, telefonisch, per Post oder \u00fcber eines unserer europ\u00e4ischen Verkaufsb\u00fcros, die Sie auf der Kontaktseite finden. Zodiac International &hellip; <a href=\"https:\/\/zodiac.nl\/de\/privacy-policy\/\">Continued<\/a><\/p>\n","protected":false},"author":5,"featured_media":0,"parent":0,"menu_order":0,"comment_status":"closed","ping_status":"closed","template":"","meta":{"footnotes":""},"class_list":["post-1188","page","type-page","status-publish","hentry"],"acf":[],"yoast_head":"<!-- This site is optimized with the Yoast SEO plugin v27.4 - https:\/\/yoast.com\/product\/yoast-seo-wordpress\/ -->\n<title>Datenschutz und Datensicherung Richtlinien - Zodiac<\/title>\n<meta name=\"robots\" content=\"index, follow, max-snippet:-1, max-image-preview:large, max-video-preview:-1\" \/>\n<link rel=\"canonical\" href=\"https:\/\/zodiac.nl\/de\/privacy-policy\/\" \/>\n<meta property=\"og:locale\" content=\"de_DE\" \/>\n<meta property=\"og:type\" content=\"article\" \/>\n<meta property=\"og:title\" content=\"Datenschutz und Datensicherung Richtlinien - Zodiac\" \/>\n<meta property=\"og:description\" content=\"Datenschutzgrunds\u00e4tze Zodiac International B.V. verpflichtet sich, Daten im Einklang mit seinen Verantwortlichkeiten gem\u00e4\u00df der Datenschutz-Grundverordnung (DSGVO) zu verarbeiten. Bei Fragen zu Ihrem Datenschutz, den von uns gespeicherten pers\u00f6nlichen Daten oder unserer Datenschutzrichtlinie kontaktieren Sie uns bitte per E-Mail, telefonisch, per Post oder \u00fcber eines unserer europ\u00e4ischen Verkaufsb\u00fcros, die Sie auf der Kontaktseite finden. Zodiac International &hellip; Continued\" \/>\n<meta property=\"og:url\" content=\"https:\/\/zodiac.nl\/de\/privacy-policy\/\" \/>\n<meta property=\"og:site_name\" content=\"Zodiac\" \/>\n<meta property=\"article:modified_time\" content=\"2021-09-27T08:57:06+00:00\" \/>\n<meta name=\"twitter:card\" content=\"summary_large_image\" \/>\n<meta name=\"twitter:label1\" content=\"Gesch\u00e4tzte Lesezeit\" \/>\n\t<meta name=\"twitter:data1\" content=\"6\u00a0Minuten\" \/>\n<script type=\"application\/ld+json\" class=\"yoast-schema-graph\">{\"@context\":\"https:\\\/\\\/schema.org\",\"@graph\":[{\"@type\":\"WebPage\",\"@id\":\"https:\\\/\\\/zodiac.nl\\\/de\\\/privacy-policy\\\/\",\"url\":\"https:\\\/\\\/zodiac.nl\\\/de\\\/privacy-policy\\\/\",\"name\":\"Datenschutz und Datensicherung Richtlinien - Zodiac\",\"isPartOf\":{\"@id\":\"https:\\\/\\\/zodiac.nl\\\/de\\\/#website\"},\"datePublished\":\"2015-04-21T13:51:08+00:00\",\"dateModified\":\"2021-09-27T08:57:06+00:00\",\"breadcrumb\":{\"@id\":\"https:\\\/\\\/zodiac.nl\\\/de\\\/privacy-policy\\\/#breadcrumb\"},\"inLanguage\":\"de\",\"potentialAction\":[{\"@type\":\"ReadAction\",\"target\":[\"https:\\\/\\\/zodiac.nl\\\/de\\\/privacy-policy\\\/\"]}]},{\"@type\":\"BreadcrumbList\",\"@id\":\"https:\\\/\\\/zodiac.nl\\\/de\\\/privacy-policy\\\/#breadcrumb\",\"itemListElement\":[{\"@type\":\"ListItem\",\"position\":1,\"name\":\"Home\",\"item\":\"https:\\\/\\\/zodiac.nl\\\/de\\\/\"},{\"@type\":\"ListItem\",\"position\":2,\"name\":\"Datenschutz und Datensicherung Richtlinien\"}]},{\"@type\":\"WebSite\",\"@id\":\"https:\\\/\\\/zodiac.nl\\\/de\\\/#website\",\"url\":\"https:\\\/\\\/zodiac.nl\\\/de\\\/\",\"name\":\"Zodiac\",\"description\":\"Original parts &amp; accessories for Harley-Davidson\",\"potentialAction\":[{\"@type\":\"SearchAction\",\"target\":{\"@type\":\"EntryPoint\",\"urlTemplate\":\"https:\\\/\\\/zodiac.nl\\\/de\\\/?s={search_term_string}\"},\"query-input\":{\"@type\":\"PropertyValueSpecification\",\"valueRequired\":true,\"valueName\":\"search_term_string\"}}],\"inLanguage\":\"de\"}]}<\/script>\n<!-- \/ Yoast SEO plugin. -->","yoast_head_json":{"title":"Datenschutz und Datensicherung Richtlinien - Zodiac","robots":{"index":"index","follow":"follow","max-snippet":"max-snippet:-1","max-image-preview":"max-image-preview:large","max-video-preview":"max-video-preview:-1"},"canonical":"https:\/\/zodiac.nl\/de\/privacy-policy\/","og_locale":"de_DE","og_type":"article","og_title":"Datenschutz und Datensicherung Richtlinien - Zodiac","og_description":"Datenschutzgrunds\u00e4tze Zodiac International B.V. verpflichtet sich, Daten im Einklang mit seinen Verantwortlichkeiten gem\u00e4\u00df der Datenschutz-Grundverordnung (DSGVO) zu verarbeiten. Bei Fragen zu Ihrem Datenschutz, den von uns gespeicherten pers\u00f6nlichen Daten oder unserer Datenschutzrichtlinie kontaktieren Sie uns bitte per E-Mail, telefonisch, per Post oder \u00fcber eines unserer europ\u00e4ischen Verkaufsb\u00fcros, die Sie auf der Kontaktseite finden. Zodiac International &hellip; Continued","og_url":"https:\/\/zodiac.nl\/de\/privacy-policy\/","og_site_name":"Zodiac","article_modified_time":"2021-09-27T08:57:06+00:00","twitter_card":"summary_large_image","twitter_misc":{"Gesch\u00e4tzte Lesezeit":"6\u00a0Minuten"},"schema":{"@context":"https:\/\/schema.org","@graph":[{"@type":"WebPage","@id":"https:\/\/zodiac.nl\/de\/privacy-policy\/","url":"https:\/\/zodiac.nl\/de\/privacy-policy\/","name":"Datenschutz und Datensicherung Richtlinien - Zodiac","isPartOf":{"@id":"https:\/\/zodiac.nl\/de\/#website"},"datePublished":"2015-04-21T13:51:08+00:00","dateModified":"2021-09-27T08:57:06+00:00","breadcrumb":{"@id":"https:\/\/zodiac.nl\/de\/privacy-policy\/#breadcrumb"},"inLanguage":"de","potentialAction":[{"@type":"ReadAction","target":["https:\/\/zodiac.nl\/de\/privacy-policy\/"]}]},{"@type":"BreadcrumbList","@id":"https:\/\/zodiac.nl\/de\/privacy-policy\/#breadcrumb","itemListElement":[{"@type":"ListItem","position":1,"name":"Home","item":"https:\/\/zodiac.nl\/de\/"},{"@type":"ListItem","position":2,"name":"Datenschutz und Datensicherung Richtlinien"}]},{"@type":"WebSite","@id":"https:\/\/zodiac.nl\/de\/#website","url":"https:\/\/zodiac.nl\/de\/","name":"Zodiac","description":"Original parts &amp; accessories for Harley-Davidson","potentialAction":[{"@type":"SearchAction","target":{"@type":"EntryPoint","urlTemplate":"https:\/\/zodiac.nl\/de\/?s={search_term_string}"},"query-input":{"@type":"PropertyValueSpecification","valueRequired":true,"valueName":"search_term_string"}}],"inLanguage":"de"}]}},"_links":{"self":[{"href":"https:\/\/zodiac.nl\/de\/wp-json\/wp\/v2\/pages\/1188","targetHints":{"allow":["GET"]}}],"collection":[{"href":"https:\/\/zodiac.nl\/de\/wp-json\/wp\/v2\/pages"}],"about":[{"href":"https:\/\/zodiac.nl\/de\/wp-json\/wp\/v2\/types\/page"}],"author":[{"embeddable":true,"href":"https:\/\/zodiac.nl\/de\/wp-json\/wp\/v2\/users\/5"}],"replies":[{"embeddable":true,"href":"https:\/\/zodiac.nl\/de\/wp-json\/wp\/v2\/comments?post=1188"}],"version-history":[{"count":11,"href":"https:\/\/zodiac.nl\/de\/wp-json\/wp\/v2\/pages\/1188\/revisions"}],"predecessor-version":[{"id":41043,"href":"https:\/\/zodiac.nl\/de\/wp-json\/wp\/v2\/pages\/1188\/revisions\/41043"}],"wp:attachment":[{"href":"https:\/\/zodiac.nl\/de\/wp-json\/wp\/v2\/media?parent=1188"}],"curies":[{"name":"wp","href":"https:\/\/api.w.org\/{rel}","templated":true}]}}