{"id":1055,"date":"2015-04-17T12:54:07","date_gmt":"2015-04-17T12:54:07","guid":{"rendered":"http:\/\/newsite.zodiac.nl\/fr\/contact\/"},"modified":"2025-10-06T15:50:53","modified_gmt":"2025-10-06T13:50:53","slug":"contact","status":"publish","type":"page","link":"https:\/\/zodiac.nl\/fr\/contact\/","title":{"rendered":"Contact"},"content":{"rendered":"<h3><span style=\"color: #000000;\">Vous cherchez des opportunit\u00e9s d&rsquo;affaires dans votre magasin?<\/span><\/h3>\n<p><span style=\"color: #000000;\">Ou voulez-vous plus d&rsquo;informations sur nos pi\u00e8ces, soci\u00e9t\u00e9 ou d&rsquo;autres questions? Alors s&rsquo;il vous pla\u00eet communiquez avec notre si\u00e8ge avec le formulaire ci-dessous. Trouvez votre bureau de vente local Zodiac ci-dessous ou recherchez votre revendeur le plus proche via le <a href=\"\/fr\/dealers\/\">localisation des revendeurs<\/a>.<\/span><\/p>\n\n<div class=\"wpcf7 no-js\" id=\"wpcf7-f2432-o1\" lang=\"en-US\" dir=\"ltr\" data-wpcf7-id=\"2432\">\n<div class=\"screen-reader-response\"><p role=\"status\" aria-live=\"polite\" aria-atomic=\"true\"><\/p> <ul><\/ul><\/div>\n<form action=\"\/fr\/wp-json\/wp\/v2\/pages\/1055#wpcf7-f2432-o1\" method=\"post\" class=\"wpcf7-form init\" aria-label=\"Contact form\" novalidate=\"novalidate\" data-status=\"init\">\n<fieldset class=\"hidden-fields-container\"><input type=\"hidden\" name=\"_wpcf7\" value=\"2432\" \/><input type=\"hidden\" name=\"_wpcf7_version\" value=\"6.1.5\" \/><input type=\"hidden\" name=\"_wpcf7_locale\" value=\"en_US\" \/><input type=\"hidden\" name=\"_wpcf7_unit_tag\" value=\"wpcf7-f2432-o1\" \/><input type=\"hidden\" name=\"_wpcf7_container_post\" value=\"0\" \/><input type=\"hidden\" name=\"_wpcf7_posted_data_hash\" value=\"\" \/><input type=\"hidden\" name=\"_wpcf7_recaptcha_response\" value=\"\" \/>\n<\/fieldset>\n<div class=\"well\" style=\"margin-bottom:40px;\">\n\t<div class=\"form-group\">\n\t\t<p><label for=\"\">Nom*<\/label><br \/>\n<span class=\"wpcf7-form-control-wrap\" data-name=\"your-name\"><input size=\"40\" maxlength=\"400\" class=\"wpcf7-form-control wpcf7-text wpcf7-validates-as-required form-control\" aria-required=\"true\" aria-invalid=\"false\" value=\"\" type=\"text\" name=\"your-name\" \/><\/span>\n\t\t<\/p>\n\t<\/div>\n\t<div class=\"form-group\">\n\t\t<p><label for=\"\">E-mail*<\/label><br \/>\n<span class=\"wpcf7-form-control-wrap\" data-name=\"your-email\"><input size=\"40\" maxlength=\"400\" class=\"wpcf7-form-control wpcf7-email wpcf7-validates-as-required wpcf7-text wpcf7-validates-as-email form-control\" aria-required=\"true\" aria-invalid=\"false\" value=\"\" type=\"email\" name=\"your-email\" \/><\/span>\n\t\t<\/p>\n\t<\/div>\n\t<div class=\"form-group\">\n\t\t<p><label for=\"\">Message*<\/label><br \/>\n<span class=\"wpcf7-form-control-wrap\" data-name=\"your-comment\"><textarea cols=\"40\" rows=\"10\" maxlength=\"2000\" class=\"wpcf7-form-control wpcf7-textarea wpcf7-validates-as-required form-control\" aria-required=\"true\" aria-invalid=\"false\" name=\"your-comment\"><\/textarea><\/span>\n\t\t<\/p>\n\t<\/div>\n\t<div style=\"margin:30px 0 0;\">\n\t\t<p><input class=\"wpcf7-form-control wpcf7-submit has-spinner btn btn-primary btn-block btn-lg\" type=\"submit\" value=\"Soumission\" \/>\n\t\t<\/p>\n\t<\/div>\n\t<p><br \/>\nCe site est prot\u00e9g\u00e9 par reCAPTCHA et la <a href=\"https:\/\/policies.google.com\/privacy?hl=fr\" target=\"_blank\">r\u00e8gles de confidentialit\u00e9<\/a> et les <a href=\"https:\/\/policies.google.com\/terms?hl=fr\" target=\"_blank\">conditions d'utilisation<\/a> de Google s'appliquent.\n\t<\/p>\n<\/div><p style=\"display: none !important;\" class=\"akismet-fields-container\" data-prefix=\"_wpcf7_ak_\"><label>&#916;<textarea name=\"_wpcf7_ak_hp_textarea\" cols=\"45\" rows=\"8\" maxlength=\"100\"><\/textarea><\/label><input type=\"hidden\" id=\"ak_js_1\" name=\"_wpcf7_ak_js\" value=\"201\"\/><script type=\"text\/javascript\">\n\/* <![CDATA[ *\/\ndocument.getElementById( \"ak_js_1\" ).setAttribute( \"value\", ( new Date() ).getTime() );\n\/* ]]> *\/\n<\/script>\n<\/p><div class=\"wpcf7-response-output\" aria-hidden=\"true\"><\/div>\n<\/form>\n<\/div>\n\n","protected":false},"excerpt":{"rendered":"<p>Vous cherchez des opportunit\u00e9s d&rsquo;affaires dans votre magasin? Ou voulez-vous plus d&rsquo;informations sur nos pi\u00e8ces, soci\u00e9t\u00e9 ou d&rsquo;autres questions? Alors s&rsquo;il vous pla\u00eet communiquez avec notre si\u00e8ge avec le formulaire ci-dessous. Trouvez votre bureau de vente local Zodiac ci-dessous ou recherchez votre revendeur le plus proche via le localisation des revendeurs.<\/p>\n","protected":false},"author":2,"featured_media":0,"parent":0,"menu_order":0,"comment_status":"closed","ping_status":"closed","template":"template-contact.php","meta":{"footnotes":""},"class_list":["post-1055","page","type-page","status-publish","hentry"],"acf":[],"yoast_head":"<!-- This site is optimized with the Yoast SEO plugin v27.6 - https:\/\/yoast.com\/product\/yoast-seo-wordpress\/ -->\n<title>Contact - Zodiac<\/title>\n<meta name=\"robots\" content=\"index, follow, max-snippet:-1, max-image-preview:large, max-video-preview:-1\" \/>\n<link rel=\"canonical\" href=\"https:\/\/zodiac.nl\/fr\/contact\/\" \/>\n<meta property=\"og:locale\" content=\"fr_FR\" \/>\n<meta property=\"og:type\" content=\"article\" \/>\n<meta property=\"og:title\" content=\"Contact - Zodiac\" \/>\n<meta property=\"og:description\" content=\"Vous cherchez des opportunit\u00e9s d&rsquo;affaires dans votre magasin? Ou voulez-vous plus d&rsquo;informations sur nos pi\u00e8ces, soci\u00e9t\u00e9 ou d&rsquo;autres questions? Alors s&rsquo;il vous pla\u00eet communiquez avec notre si\u00e8ge avec le formulaire ci-dessous. Trouvez votre bureau de vente local Zodiac ci-dessous ou recherchez votre revendeur le plus proche via le localisation des revendeurs.\" \/>\n<meta property=\"og:url\" content=\"https:\/\/zodiac.nl\/fr\/contact\/\" \/>\n<meta property=\"og:site_name\" content=\"Zodiac\" \/>\n<meta property=\"article:modified_time\" content=\"2025-10-06T13:50:53+00:00\" \/>\n<meta name=\"twitter:card\" content=\"summary_large_image\" \/>\n<meta name=\"twitter:label1\" content=\"Dur\u00e9e de lecture estim\u00e9e\" \/>\n\t<meta name=\"twitter:data1\" content=\"1 minute\" \/>\n<script type=\"application\/ld+json\" class=\"yoast-schema-graph\">{\"@context\":\"https:\\\/\\\/schema.org\",\"@graph\":[{\"@type\":\"WebPage\",\"@id\":\"https:\\\/\\\/zodiac.nl\\\/fr\\\/contact\\\/\",\"url\":\"https:\\\/\\\/zodiac.nl\\\/fr\\\/contact\\\/\",\"name\":\"Contact - Zodiac\",\"isPartOf\":{\"@id\":\"https:\\\/\\\/zodiac.nl\\\/de\\\/#website\"},\"datePublished\":\"2015-04-17T12:54:07+00:00\",\"dateModified\":\"2025-10-06T13:50:53+00:00\",\"breadcrumb\":{\"@id\":\"https:\\\/\\\/zodiac.nl\\\/fr\\\/contact\\\/#breadcrumb\"},\"inLanguage\":\"fr-FR\",\"potentialAction\":[{\"@type\":\"ReadAction\",\"target\":[\"https:\\\/\\\/zodiac.nl\\\/fr\\\/contact\\\/\"]}]},{\"@type\":\"BreadcrumbList\",\"@id\":\"https:\\\/\\\/zodiac.nl\\\/fr\\\/contact\\\/#breadcrumb\",\"itemListElement\":[{\"@type\":\"ListItem\",\"position\":1,\"name\":\"Home\",\"item\":\"https:\\\/\\\/zodiac.nl\\\/fr\\\/\"},{\"@type\":\"ListItem\",\"position\":2,\"name\":\"Contact\"}]},{\"@type\":\"WebSite\",\"@id\":\"https:\\\/\\\/zodiac.nl\\\/de\\\/#website\",\"url\":\"https:\\\/\\\/zodiac.nl\\\/de\\\/\",\"name\":\"Zodiac\",\"description\":\"Original parts &amp; accessories for Harley-Davidson\",\"potentialAction\":[{\"@type\":\"SearchAction\",\"target\":{\"@type\":\"EntryPoint\",\"urlTemplate\":\"https:\\\/\\\/zodiac.nl\\\/de\\\/?s={search_term_string}\"},\"query-input\":{\"@type\":\"PropertyValueSpecification\",\"valueRequired\":true,\"valueName\":\"search_term_string\"}}],\"inLanguage\":\"fr-FR\"}]}<\/script>\n<!-- \/ Yoast SEO plugin. -->","yoast_head_json":{"title":"Contact - Zodiac","robots":{"index":"index","follow":"follow","max-snippet":"max-snippet:-1","max-image-preview":"max-image-preview:large","max-video-preview":"max-video-preview:-1"},"canonical":"https:\/\/zodiac.nl\/fr\/contact\/","og_locale":"fr_FR","og_type":"article","og_title":"Contact - Zodiac","og_description":"Vous cherchez des opportunit\u00e9s d&rsquo;affaires dans votre magasin? Ou voulez-vous plus d&rsquo;informations sur nos pi\u00e8ces, soci\u00e9t\u00e9 ou d&rsquo;autres questions? Alors s&rsquo;il vous pla\u00eet communiquez avec notre si\u00e8ge avec le formulaire ci-dessous. Trouvez votre bureau de vente local Zodiac ci-dessous ou recherchez votre revendeur le plus proche via le localisation des revendeurs.","og_url":"https:\/\/zodiac.nl\/fr\/contact\/","og_site_name":"Zodiac","article_modified_time":"2025-10-06T13:50:53+00:00","twitter_card":"summary_large_image","twitter_misc":{"Dur\u00e9e de lecture estim\u00e9e":"1 minute"},"schema":{"@context":"https:\/\/schema.org","@graph":[{"@type":"WebPage","@id":"https:\/\/zodiac.nl\/fr\/contact\/","url":"https:\/\/zodiac.nl\/fr\/contact\/","name":"Contact - Zodiac","isPartOf":{"@id":"https:\/\/zodiac.nl\/de\/#website"},"datePublished":"2015-04-17T12:54:07+00:00","dateModified":"2025-10-06T13:50:53+00:00","breadcrumb":{"@id":"https:\/\/zodiac.nl\/fr\/contact\/#breadcrumb"},"inLanguage":"fr-FR","potentialAction":[{"@type":"ReadAction","target":["https:\/\/zodiac.nl\/fr\/contact\/"]}]},{"@type":"BreadcrumbList","@id":"https:\/\/zodiac.nl\/fr\/contact\/#breadcrumb","itemListElement":[{"@type":"ListItem","position":1,"name":"Home","item":"https:\/\/zodiac.nl\/fr\/"},{"@type":"ListItem","position":2,"name":"Contact"}]},{"@type":"WebSite","@id":"https:\/\/zodiac.nl\/de\/#website","url":"https:\/\/zodiac.nl\/de\/","name":"Zodiac","description":"Original parts &amp; accessories for Harley-Davidson","potentialAction":[{"@type":"SearchAction","target":{"@type":"EntryPoint","urlTemplate":"https:\/\/zodiac.nl\/de\/?s={search_term_string}"},"query-input":{"@type":"PropertyValueSpecification","valueRequired":true,"valueName":"search_term_string"}}],"inLanguage":"fr-FR"}]}},"_links":{"self":[{"href":"https:\/\/zodiac.nl\/fr\/wp-json\/wp\/v2\/pages\/1055","targetHints":{"allow":["GET"]}}],"collection":[{"href":"https:\/\/zodiac.nl\/fr\/wp-json\/wp\/v2\/pages"}],"about":[{"href":"https:\/\/zodiac.nl\/fr\/wp-json\/wp\/v2\/types\/page"}],"author":[{"embeddable":true,"href":"https:\/\/zodiac.nl\/fr\/wp-json\/wp\/v2\/users\/2"}],"replies":[{"embeddable":true,"href":"https:\/\/zodiac.nl\/fr\/wp-json\/wp\/v2\/comments?post=1055"}],"version-history":[{"count":28,"href":"https:\/\/zodiac.nl\/fr\/wp-json\/wp\/v2\/pages\/1055\/revisions"}],"predecessor-version":[{"id":57069,"href":"https:\/\/zodiac.nl\/fr\/wp-json\/wp\/v2\/pages\/1055\/revisions\/57069"}],"wp:attachment":[{"href":"https:\/\/zodiac.nl\/fr\/wp-json\/wp\/v2\/media?parent=1055"}],"curies":[{"name":"wp","href":"https:\/\/api.w.org\/{rel}","templated":true}]}}