{"id":1142,"date":"2015-04-23T12:35:21","date_gmt":"2015-04-23T12:35:21","guid":{"rendered":"http:\/\/newsite.zodiac.nl\/fr\/company\/founding\/"},"modified":"2023-01-16T15:35:53","modified_gmt":"2023-01-16T14:35:53","slug":"founding","status":"publish","type":"page","link":"https:\/\/zodiac.nl\/fr\/company\/founding\/","title":{"rendered":"Fondation"},"content":{"rendered":"<p><img loading=\"lazy\" decoding=\"async\" class=\"alignnone wp-image-1501 size-full\" src=\"http:\/\/zodiac.nl\/wp-content\/uploads\/2015\/04\/zodiac-racing.jpg\" alt=\"zodiac-racing\" width=\"1024\" height=\"1024\" srcset=\"https:\/\/zodiac.nl\/wp-content\/uploads\/2015\/04\/zodiac-racing.jpg 1024w, https:\/\/zodiac.nl\/wp-content\/uploads\/2015\/04\/zodiac-racing-150x150.jpg 150w, https:\/\/zodiac.nl\/wp-content\/uploads\/2015\/04\/zodiac-racing-300x300.jpg 300w, https:\/\/zodiac.nl\/wp-content\/uploads\/2015\/04\/zodiac-racing-768x768.jpg 768w\" sizes=\"auto, (max-width: 1024px) 100vw, 1024px\" \/><\/p>\n<p>En 1984, le l\u00e9gendaire Ton \u00ab\u00a0Le Parrain\u00a0\u00bb Pels a fond\u00e9 Zodiac Motorcycle products B.V (plus tard chang\u00e9 pour Zodiac International BV) le premier grand centre europ\u00e9en de pi\u00e8ces de rechange et de distribution pour les motos Harley-Davidson. Ce centre de distribution, situ\u00e9 \u00e0 environ 20 km d&rsquo;Amsterdam la capitale des Pays-Bas, est devenu le premier distributeur de pi\u00e8ces et accessoires pour Harley-Davidson et motos custom en Europe, et est aujourd&rsquo;hui dirig\u00e9 par le fils de Ton: Vincent Pels. Malgr\u00e9 leur grand stock d\u00e9j\u00e0 consid\u00e9rable, ils sont encore en croissance et en \u00e9largissant leur gamme de produits chaque jour. Ils offrent pr\u00e8s de 40.000 produits de qualit\u00e9 sup\u00e9rieure gr\u00e2ce \u00e0 leur vaste r\u00e9seau international de distributeurs. De leur \u00e9norme entrep\u00f4t de 50.000 pieds carr\u00e9s, d&rsquo;innombrables colis sont exp\u00e9di\u00e9s chaque jour dans l&rsquo;ensemble de l&rsquo;Europe et au-del\u00e0.<\/p>\n<p><div class=\"gallery gallery-1142-2\"><div class=\"row gallery-row\"><div class=\"col-sm-4 col-lg-4\"><img loading=\"lazy\" decoding=\"async\" width=\"300\" height=\"200\" src=\"https:\/\/zodiac.nl\/wp-content\/uploads\/2015\/06\/zodiac_magazijn_5-300x200.jpg\" class=\"thumbnail img-thumbnail\" alt=\"\" srcset=\"https:\/\/zodiac.nl\/wp-content\/uploads\/2015\/06\/zodiac_magazijn_5-300x200.jpg 300w, https:\/\/zodiac.nl\/wp-content\/uploads\/2015\/06\/zodiac_magazijn_5-768x512.jpg 768w, https:\/\/zodiac.nl\/wp-content\/uploads\/2015\/06\/zodiac_magazijn_5-1024x683.jpg 1024w, https:\/\/zodiac.nl\/wp-content\/uploads\/2015\/06\/zodiac_magazijn_5-900x600.jpg 900w, https:\/\/zodiac.nl\/wp-content\/uploads\/2015\/06\/zodiac_magazijn_5.jpg 1200w\" sizes=\"auto, (max-width: 300px) 100vw, 300px\" \/><\/div><div class=\"col-sm-4 col-lg-4\"><img loading=\"lazy\" decoding=\"async\" width=\"300\" height=\"200\" src=\"https:\/\/zodiac.nl\/wp-content\/uploads\/2015\/06\/zodiac_magazijn_7-300x200.jpg\" class=\"thumbnail img-thumbnail\" alt=\"\" srcset=\"https:\/\/zodiac.nl\/wp-content\/uploads\/2015\/06\/zodiac_magazijn_7-300x200.jpg 300w, https:\/\/zodiac.nl\/wp-content\/uploads\/2015\/06\/zodiac_magazijn_7-768x512.jpg 768w, https:\/\/zodiac.nl\/wp-content\/uploads\/2015\/06\/zodiac_magazijn_7-1024x683.jpg 1024w, https:\/\/zodiac.nl\/wp-content\/uploads\/2015\/06\/zodiac_magazijn_7-900x600.jpg 900w, https:\/\/zodiac.nl\/wp-content\/uploads\/2015\/06\/zodiac_magazijn_7.jpg 1200w\" sizes=\"auto, (max-width: 300px) 100vw, 300px\" \/><\/div><div class=\"col-sm-4 col-lg-4\"><img loading=\"lazy\" decoding=\"async\" width=\"300\" height=\"200\" src=\"https:\/\/zodiac.nl\/wp-content\/uploads\/2015\/06\/zodiac_magazijn_9-300x200.jpg\" class=\"thumbnail img-thumbnail\" alt=\"\" srcset=\"https:\/\/zodiac.nl\/wp-content\/uploads\/2015\/06\/zodiac_magazijn_9-300x200.jpg 300w, https:\/\/zodiac.nl\/wp-content\/uploads\/2015\/06\/zodiac_magazijn_9-768x512.jpg 768w, https:\/\/zodiac.nl\/wp-content\/uploads\/2015\/06\/zodiac_magazijn_9-1024x683.jpg 1024w, https:\/\/zodiac.nl\/wp-content\/uploads\/2015\/06\/zodiac_magazijn_9-900x600.jpg 900w, https:\/\/zodiac.nl\/wp-content\/uploads\/2015\/06\/zodiac_magazijn_9.jpg 1200w\" sizes=\"auto, (max-width: 300px) 100vw, 300px\" \/><\/div><\/div><\/div><br \/>\nPour l&rsquo;ann\u00e9e 2014, nous avons \u00e9tendu notre gamme de produits avec des milliers de nouveaux et passionnants articles de notre propre marque Zodiac, de fournisseurs existants et d&rsquo;un certain nombre de nouveaux fournisseurs des USA, Europe, Japon et Australie. Outre tout cela, nous avons jamais vu une soci\u00e9t\u00e9 aussi impliqu\u00e9e avec le biker que Zodiac. Nous pouvons vous assurer, ces gens sont concern\u00e9s et impliqu\u00e9s. Tant et si bien, que nous demandons ou en fait s\u00e9rieusement si ce sera effectivement conduire \u00e0 de meilleures ventes ou si ils veulent juste \u00eatre perfectionnistes! L&rsquo;\u00e9quipe de Zodiac ne semble pas se soucier. Ils aiment ce qu&rsquo;ils font et ce faisant, ils se gagnent une r\u00e9putation involontaire d&rsquo;\u00eatre l\u00e0 pour les gens, avec les gens.<\/p>\n","protected":false},"excerpt":{"rendered":"<p>En 1984, le l\u00e9gendaire Ton \u00ab\u00a0Le Parrain\u00a0\u00bb Pels a fond\u00e9 Zodiac Motorcycle products B.V (plus tard chang\u00e9 pour Zodiac International BV) le premier grand centre europ\u00e9en de pi\u00e8ces de rechange et de distribution pour les motos Harley-Davidson. Ce centre de distribution, situ\u00e9 \u00e0 environ 20 km d&rsquo;Amsterdam la capitale des Pays-Bas, est devenu le premier &hellip; <a href=\"https:\/\/zodiac.nl\/fr\/company\/founding\/\">Continued<\/a><\/p>\n","protected":false},"author":5,"featured_media":0,"parent":1035,"menu_order":0,"comment_status":"closed","ping_status":"closed","template":"","meta":{"footnotes":""},"class_list":["post-1142","page","type-page","status-publish","hentry"],"acf":[],"yoast_head":"<!-- This site is optimized with the Yoast SEO plugin v27.5 - https:\/\/yoast.com\/product\/yoast-seo-wordpress\/ -->\n<title>Fondation - Zodiac<\/title>\n<meta name=\"robots\" content=\"index, follow, max-snippet:-1, max-image-preview:large, max-video-preview:-1\" \/>\n<link rel=\"canonical\" href=\"https:\/\/zodiac.nl\/fr\/company\/founding\/\" \/>\n<meta property=\"og:locale\" content=\"fr_FR\" \/>\n<meta property=\"og:type\" content=\"article\" \/>\n<meta property=\"og:title\" content=\"Fondation - Zodiac\" \/>\n<meta property=\"og:description\" content=\"En 1984, le l\u00e9gendaire Ton \u00ab\u00a0Le Parrain\u00a0\u00bb Pels a fond\u00e9 Zodiac Motorcycle products B.V (plus tard chang\u00e9 pour Zodiac International BV) le premier grand centre europ\u00e9en de pi\u00e8ces de rechange et de distribution pour les motos Harley-Davidson. Ce centre de distribution, situ\u00e9 \u00e0 environ 20 km d&rsquo;Amsterdam la capitale des Pays-Bas, est devenu le premier &hellip; Continued\" \/>\n<meta property=\"og:url\" content=\"https:\/\/zodiac.nl\/fr\/company\/founding\/\" \/>\n<meta property=\"og:site_name\" content=\"Zodiac\" \/>\n<meta property=\"article:modified_time\" content=\"2023-01-16T14:35:53+00:00\" \/>\n<meta property=\"og:image\" content=\"https:\/\/zodiac.nl\/wp-content\/uploads\/2015\/06\/zodiac_magazijn_5-300x200.jpg\" \/>\n<meta name=\"twitter:card\" content=\"summary_large_image\" \/>\n<meta name=\"twitter:label1\" content=\"Dur\u00e9e de lecture estim\u00e9e\" \/>\n\t<meta name=\"twitter:data1\" content=\"2 minutes\" \/>\n<script type=\"application\/ld+json\" class=\"yoast-schema-graph\">{\"@context\":\"https:\\\/\\\/schema.org\",\"@graph\":[{\"@type\":\"WebPage\",\"@id\":\"https:\\\/\\\/zodiac.nl\\\/fr\\\/company\\\/founding\\\/\",\"url\":\"https:\\\/\\\/zodiac.nl\\\/fr\\\/company\\\/founding\\\/\",\"name\":\"Fondation - Zodiac\",\"isPartOf\":{\"@id\":\"https:\\\/\\\/zodiac.nl\\\/de\\\/#website\"},\"primaryImageOfPage\":{\"@id\":\"https:\\\/\\\/zodiac.nl\\\/fr\\\/company\\\/founding\\\/#primaryimage\"},\"image\":{\"@id\":\"https:\\\/\\\/zodiac.nl\\\/fr\\\/company\\\/founding\\\/#primaryimage\"},\"thumbnailUrl\":\"http:\\\/\\\/zodiac.nl\\\/wp-content\\\/uploads\\\/2015\\\/04\\\/zodiac-racing.jpg\",\"datePublished\":\"2015-04-23T12:35:21+00:00\",\"dateModified\":\"2023-01-16T14:35:53+00:00\",\"breadcrumb\":{\"@id\":\"https:\\\/\\\/zodiac.nl\\\/fr\\\/company\\\/founding\\\/#breadcrumb\"},\"inLanguage\":\"fr-FR\",\"potentialAction\":[{\"@type\":\"ReadAction\",\"target\":[\"https:\\\/\\\/zodiac.nl\\\/fr\\\/company\\\/founding\\\/\"]}]},{\"@type\":\"ImageObject\",\"inLanguage\":\"fr-FR\",\"@id\":\"https:\\\/\\\/zodiac.nl\\\/fr\\\/company\\\/founding\\\/#primaryimage\",\"url\":\"http:\\\/\\\/zodiac.nl\\\/wp-content\\\/uploads\\\/2015\\\/04\\\/zodiac-racing.jpg\",\"contentUrl\":\"http:\\\/\\\/zodiac.nl\\\/wp-content\\\/uploads\\\/2015\\\/04\\\/zodiac-racing.jpg\"},{\"@type\":\"BreadcrumbList\",\"@id\":\"https:\\\/\\\/zodiac.nl\\\/fr\\\/company\\\/founding\\\/#breadcrumb\",\"itemListElement\":[{\"@type\":\"ListItem\",\"position\":1,\"name\":\"Home\",\"item\":\"https:\\\/\\\/zodiac.nl\\\/fr\\\/\"},{\"@type\":\"ListItem\",\"position\":2,\"name\":\"Soci\u00e9t\u00e9\",\"item\":\"https:\\\/\\\/zodiac.nl\\\/fr\\\/company\\\/\"},{\"@type\":\"ListItem\",\"position\":3,\"name\":\"Fondation\"}]},{\"@type\":\"WebSite\",\"@id\":\"https:\\\/\\\/zodiac.nl\\\/de\\\/#website\",\"url\":\"https:\\\/\\\/zodiac.nl\\\/de\\\/\",\"name\":\"Zodiac\",\"description\":\"Original parts &amp; accessories for Harley-Davidson\",\"potentialAction\":[{\"@type\":\"SearchAction\",\"target\":{\"@type\":\"EntryPoint\",\"urlTemplate\":\"https:\\\/\\\/zodiac.nl\\\/de\\\/?s={search_term_string}\"},\"query-input\":{\"@type\":\"PropertyValueSpecification\",\"valueRequired\":true,\"valueName\":\"search_term_string\"}}],\"inLanguage\":\"fr-FR\"}]}<\/script>\n<!-- \/ Yoast SEO plugin. -->","yoast_head_json":{"title":"Fondation - Zodiac","robots":{"index":"index","follow":"follow","max-snippet":"max-snippet:-1","max-image-preview":"max-image-preview:large","max-video-preview":"max-video-preview:-1"},"canonical":"https:\/\/zodiac.nl\/fr\/company\/founding\/","og_locale":"fr_FR","og_type":"article","og_title":"Fondation - Zodiac","og_description":"En 1984, le l\u00e9gendaire Ton \u00ab\u00a0Le Parrain\u00a0\u00bb Pels a fond\u00e9 Zodiac Motorcycle products B.V (plus tard chang\u00e9 pour Zodiac International BV) le premier grand centre europ\u00e9en de pi\u00e8ces de rechange et de distribution pour les motos Harley-Davidson. Ce centre de distribution, situ\u00e9 \u00e0 environ 20 km d&rsquo;Amsterdam la capitale des Pays-Bas, est devenu le premier &hellip; Continued","og_url":"https:\/\/zodiac.nl\/fr\/company\/founding\/","og_site_name":"Zodiac","article_modified_time":"2023-01-16T14:35:53+00:00","og_image":[{"url":"https:\/\/zodiac.nl\/wp-content\/uploads\/2015\/06\/zodiac_magazijn_5-300x200.jpg","type":"","width":"","height":""}],"twitter_card":"summary_large_image","twitter_misc":{"Dur\u00e9e de lecture estim\u00e9e":"2 minutes"},"schema":{"@context":"https:\/\/schema.org","@graph":[{"@type":"WebPage","@id":"https:\/\/zodiac.nl\/fr\/company\/founding\/","url":"https:\/\/zodiac.nl\/fr\/company\/founding\/","name":"Fondation - Zodiac","isPartOf":{"@id":"https:\/\/zodiac.nl\/de\/#website"},"primaryImageOfPage":{"@id":"https:\/\/zodiac.nl\/fr\/company\/founding\/#primaryimage"},"image":{"@id":"https:\/\/zodiac.nl\/fr\/company\/founding\/#primaryimage"},"thumbnailUrl":"http:\/\/zodiac.nl\/wp-content\/uploads\/2015\/04\/zodiac-racing.jpg","datePublished":"2015-04-23T12:35:21+00:00","dateModified":"2023-01-16T14:35:53+00:00","breadcrumb":{"@id":"https:\/\/zodiac.nl\/fr\/company\/founding\/#breadcrumb"},"inLanguage":"fr-FR","potentialAction":[{"@type":"ReadAction","target":["https:\/\/zodiac.nl\/fr\/company\/founding\/"]}]},{"@type":"ImageObject","inLanguage":"fr-FR","@id":"https:\/\/zodiac.nl\/fr\/company\/founding\/#primaryimage","url":"http:\/\/zodiac.nl\/wp-content\/uploads\/2015\/04\/zodiac-racing.jpg","contentUrl":"http:\/\/zodiac.nl\/wp-content\/uploads\/2015\/04\/zodiac-racing.jpg"},{"@type":"BreadcrumbList","@id":"https:\/\/zodiac.nl\/fr\/company\/founding\/#breadcrumb","itemListElement":[{"@type":"ListItem","position":1,"name":"Home","item":"https:\/\/zodiac.nl\/fr\/"},{"@type":"ListItem","position":2,"name":"Soci\u00e9t\u00e9","item":"https:\/\/zodiac.nl\/fr\/company\/"},{"@type":"ListItem","position":3,"name":"Fondation"}]},{"@type":"WebSite","@id":"https:\/\/zodiac.nl\/de\/#website","url":"https:\/\/zodiac.nl\/de\/","name":"Zodiac","description":"Original parts &amp; accessories for Harley-Davidson","potentialAction":[{"@type":"SearchAction","target":{"@type":"EntryPoint","urlTemplate":"https:\/\/zodiac.nl\/de\/?s={search_term_string}"},"query-input":{"@type":"PropertyValueSpecification","valueRequired":true,"valueName":"search_term_string"}}],"inLanguage":"fr-FR"}]}},"_links":{"self":[{"href":"https:\/\/zodiac.nl\/fr\/wp-json\/wp\/v2\/pages\/1142","targetHints":{"allow":["GET"]}}],"collection":[{"href":"https:\/\/zodiac.nl\/fr\/wp-json\/wp\/v2\/pages"}],"about":[{"href":"https:\/\/zodiac.nl\/fr\/wp-json\/wp\/v2\/types\/page"}],"author":[{"embeddable":true,"href":"https:\/\/zodiac.nl\/fr\/wp-json\/wp\/v2\/users\/5"}],"replies":[{"embeddable":true,"href":"https:\/\/zodiac.nl\/fr\/wp-json\/wp\/v2\/comments?post=1142"}],"version-history":[{"count":4,"href":"https:\/\/zodiac.nl\/fr\/wp-json\/wp\/v2\/pages\/1142\/revisions"}],"predecessor-version":[{"id":50911,"href":"https:\/\/zodiac.nl\/fr\/wp-json\/wp\/v2\/pages\/1142\/revisions\/50911"}],"up":[{"embeddable":true,"href":"https:\/\/zodiac.nl\/fr\/wp-json\/wp\/v2\/pages\/1035"}],"wp:attachment":[{"href":"https:\/\/zodiac.nl\/fr\/wp-json\/wp\/v2\/media?parent=1142"}],"curies":[{"name":"wp","href":"https:\/\/api.w.org\/{rel}","templated":true}]}}