{"id":1037,"date":"2015-03-18T13:54:45","date_gmt":"2015-03-18T13:54:45","guid":{"rendered":"http:\/\/newsite.zodiac.nl\/it\/company\/"},"modified":"2023-01-16T16:14:18","modified_gmt":"2023-01-16T15:14:18","slug":"company","status":"publish","type":"page","link":"https:\/\/zodiac.nl\/it\/company\/","title":{"rendered":"Azienda"},"content":{"rendered":"<h2>UN&#8217;AZIENDA OLANDESE CON UN CUORE, PER GLI HARLEYSTI DI TUTTO IL MONDO<\/h2>\n<p>L&#8217;urgenza di di personalizzare le Harley-Davidson \u00e8 cresciuta esponenzialmente ogni anno, causando una tremenda richiesta di nuovi accessori. Sia che si costruiscano delle moto da zero, sia che gli Harleysti customizzino le proprie moto originali, Zodiac \u00e8 sempre stata presente sin dall&#8217;inizio fornendo parti di qualit\u00e0, un servizio di alto livello e un attaccamento ai propri clienti da molto tempo prima della re-invenzione della customizzazione. La linea guida dietro Zodiac International B.V. \u00e8 di avere un team motivato che ami ogni cosa sia legata alle Harley-Davidson e alle moto custom.<\/p>\n<div class=\"gallery gallery-1037-2\"><div class=\"row gallery-row\"><div class=\"col-sm-4 col-lg-4\"><img loading=\"lazy\" decoding=\"async\" width=\"300\" height=\"200\" src=\"https:\/\/zodiac.nl\/wp-content\/uploads\/2015\/06\/zodiac_magazijn_7-300x200.jpg\" class=\"thumbnail img-thumbnail\" alt=\"\" srcset=\"https:\/\/zodiac.nl\/wp-content\/uploads\/2015\/06\/zodiac_magazijn_7-300x200.jpg 300w, https:\/\/zodiac.nl\/wp-content\/uploads\/2015\/06\/zodiac_magazijn_7-768x512.jpg 768w, https:\/\/zodiac.nl\/wp-content\/uploads\/2015\/06\/zodiac_magazijn_7-1024x683.jpg 1024w, https:\/\/zodiac.nl\/wp-content\/uploads\/2015\/06\/zodiac_magazijn_7-900x600.jpg 900w, https:\/\/zodiac.nl\/wp-content\/uploads\/2015\/06\/zodiac_magazijn_7.jpg 1200w\" sizes=\"auto, (max-width: 300px) 100vw, 300px\" \/><\/div><div class=\"col-sm-4 col-lg-4\"><img loading=\"lazy\" decoding=\"async\" width=\"300\" height=\"200\" src=\"https:\/\/zodiac.nl\/wp-content\/uploads\/2015\/06\/zodiac_magazijn_6-300x200.jpg\" class=\"thumbnail img-thumbnail\" alt=\"\" srcset=\"https:\/\/zodiac.nl\/wp-content\/uploads\/2015\/06\/zodiac_magazijn_6-300x200.jpg 300w, https:\/\/zodiac.nl\/wp-content\/uploads\/2015\/06\/zodiac_magazijn_6-768x512.jpg 768w, https:\/\/zodiac.nl\/wp-content\/uploads\/2015\/06\/zodiac_magazijn_6-1024x683.jpg 1024w, https:\/\/zodiac.nl\/wp-content\/uploads\/2015\/06\/zodiac_magazijn_6-900x600.jpg 900w, https:\/\/zodiac.nl\/wp-content\/uploads\/2015\/06\/zodiac_magazijn_6.jpg 1200w\" sizes=\"auto, (max-width: 300px) 100vw, 300px\" \/><\/div><div class=\"col-sm-4 col-lg-4\"><img loading=\"lazy\" decoding=\"async\" width=\"300\" height=\"200\" src=\"https:\/\/zodiac.nl\/wp-content\/uploads\/2015\/06\/zodiac_magazijn_4-300x200.jpg\" class=\"thumbnail img-thumbnail\" alt=\"\" srcset=\"https:\/\/zodiac.nl\/wp-content\/uploads\/2015\/06\/zodiac_magazijn_4-300x200.jpg 300w, https:\/\/zodiac.nl\/wp-content\/uploads\/2015\/06\/zodiac_magazijn_4-768x512.jpg 768w, https:\/\/zodiac.nl\/wp-content\/uploads\/2015\/06\/zodiac_magazijn_4-1024x683.jpg 1024w, https:\/\/zodiac.nl\/wp-content\/uploads\/2015\/06\/zodiac_magazijn_4-900x600.jpg 900w, https:\/\/zodiac.nl\/wp-content\/uploads\/2015\/06\/zodiac_magazijn_4.jpg 1200w\" sizes=\"auto, (max-width: 300px) 100vw, 300px\" \/><\/div><\/div><\/div>\n<h3><\/h3>\n<h3>PI\u00d9 CHE UNA DISTRIBUZIONE<\/h3>\n<p><strong>Zodiac rappresenbta oltre 50 anni di esperienza nella fornitura e nella distribuzione di parti di ricambio di alta qualit\u00e0 per Harley-Davidson.<\/strong><\/p>\n<p>Negli ultimi 5 decenni Zodiac ha costruiti la sua reputazione come uno dei maggiori distributori di parti e accessori di qualit\u00e0 per Harley-Davidson a livello mondiale. Possiamo affermare con orgoglio che negli ultimi anni abbiamo elevato gli standard dell&#8217;industria aftermarket.<\/p>\n<p>Zodiac cerca di restare aggiornata su quello che succede nelle strade. Per seguire queste tendenze tra i costruttori la crew di Zodiac progetta e costruisce delle moto custom usando solo prodotii dal catalogo.Queste moto sono costruite per girare e per stabilire nuove mode con le loro idee innovative. Ci sono ancora aziende che mettono il cuore nelle proprie cose. Aziende come Zodiac composte da motociclisti appassionati di Harley proprio come voi e me.<\/p>\n<p>Quando si tratta di prodotti di qualit\u00e0 o della ricerca di prodotti di qualit\u00e0, Zodiac \u00e8 sempre stata un passo avanti. Abbiamo un certificato KBA per i sistemi di gestione di T\u00dcV NORD CERT in linea con le maggiori aziende del sottore motociclistico odierno. Inoltre, Zodiac International B.V. \u00e8 certificata da S&amp;S come PRO TUNING CENTER, SIDEWINDER CENTER e VFI TUNING CENTER. Questi altissimi standard internazionali sono una garanzia per voi come clienti di qualit\u00e0 ed eccellenza.<\/p>\n","protected":false},"excerpt":{"rendered":"<p>UN&#8217;AZIENDA OLANDESE CON UN CUORE, PER GLI HARLEYSTI DI TUTTO IL MONDO L&#8217;urgenza di di personalizzare le Harley-Davidson \u00e8 cresciuta esponenzialmente ogni anno, causando una tremenda richiesta di nuovi accessori. Sia che si costruiscano delle moto da zero, sia che gli Harleysti customizzino le proprie moto originali, Zodiac \u00e8 sempre stata presente sin dall&#8217;inizio fornendo &hellip; <a href=\"https:\/\/zodiac.nl\/it\/company\/\">Continued<\/a><\/p>\n","protected":false},"author":2,"featured_media":0,"parent":0,"menu_order":0,"comment_status":"closed","ping_status":"closed","template":"","meta":{"footnotes":""},"class_list":["post-1037","page","type-page","status-publish","hentry"],"acf":[],"yoast_head":"<!-- This site is optimized with the Yoast SEO plugin v27.5 - https:\/\/yoast.com\/product\/yoast-seo-wordpress\/ -->\n<title>Azienda - Zodiac<\/title>\n<meta name=\"robots\" content=\"index, follow, max-snippet:-1, max-image-preview:large, max-video-preview:-1\" \/>\n<link rel=\"canonical\" href=\"https:\/\/zodiac.nl\/it\/company\/\" \/>\n<meta property=\"og:locale\" content=\"it_IT\" \/>\n<meta property=\"og:type\" content=\"article\" \/>\n<meta property=\"og:title\" content=\"Azienda - Zodiac\" \/>\n<meta property=\"og:description\" content=\"UN&#8217;AZIENDA OLANDESE CON UN CUORE, PER GLI HARLEYSTI DI TUTTO IL MONDO L&#8217;urgenza di di personalizzare le Harley-Davidson \u00e8 cresciuta esponenzialmente ogni anno, causando una tremenda richiesta di nuovi accessori. Sia che si costruiscano delle moto da zero, sia che gli Harleysti customizzino le proprie moto originali, Zodiac \u00e8 sempre stata presente sin dall&#8217;inizio fornendo &hellip; Continued\" \/>\n<meta property=\"og:url\" content=\"https:\/\/zodiac.nl\/it\/company\/\" \/>\n<meta property=\"og:site_name\" content=\"Zodiac\" \/>\n<meta property=\"article:modified_time\" content=\"2023-01-16T15:14:18+00:00\" \/>\n<meta property=\"og:image\" content=\"https:\/\/zodiac.nl\/wp-content\/uploads\/2015\/06\/zodiac_magazijn_7-300x200.jpg\" \/>\n<meta name=\"twitter:card\" content=\"summary_large_image\" \/>\n<meta name=\"twitter:label1\" content=\"Tempo di lettura stimato\" \/>\n\t<meta name=\"twitter:data1\" content=\"2 minuti\" \/>\n<script type=\"application\/ld+json\" class=\"yoast-schema-graph\">{\"@context\":\"https:\\\/\\\/schema.org\",\"@graph\":[{\"@type\":\"WebPage\",\"@id\":\"https:\\\/\\\/zodiac.nl\\\/it\\\/company\\\/\",\"url\":\"https:\\\/\\\/zodiac.nl\\\/it\\\/company\\\/\",\"name\":\"Azienda - Zodiac\",\"isPartOf\":{\"@id\":\"https:\\\/\\\/zodiac.nl\\\/de\\\/#website\"},\"datePublished\":\"2015-03-18T13:54:45+00:00\",\"dateModified\":\"2023-01-16T15:14:18+00:00\",\"breadcrumb\":{\"@id\":\"https:\\\/\\\/zodiac.nl\\\/it\\\/company\\\/#breadcrumb\"},\"inLanguage\":\"it-IT\",\"potentialAction\":[{\"@type\":\"ReadAction\",\"target\":[\"https:\\\/\\\/zodiac.nl\\\/it\\\/company\\\/\"]}]},{\"@type\":\"BreadcrumbList\",\"@id\":\"https:\\\/\\\/zodiac.nl\\\/it\\\/company\\\/#breadcrumb\",\"itemListElement\":[{\"@type\":\"ListItem\",\"position\":1,\"name\":\"Home\",\"item\":\"https:\\\/\\\/zodiac.nl\\\/it\\\/\"},{\"@type\":\"ListItem\",\"position\":2,\"name\":\"Azienda\"}]},{\"@type\":\"WebSite\",\"@id\":\"https:\\\/\\\/zodiac.nl\\\/de\\\/#website\",\"url\":\"https:\\\/\\\/zodiac.nl\\\/de\\\/\",\"name\":\"Zodiac\",\"description\":\"Original parts &amp; accessories for Harley-Davidson\",\"potentialAction\":[{\"@type\":\"SearchAction\",\"target\":{\"@type\":\"EntryPoint\",\"urlTemplate\":\"https:\\\/\\\/zodiac.nl\\\/de\\\/?s={search_term_string}\"},\"query-input\":{\"@type\":\"PropertyValueSpecification\",\"valueRequired\":true,\"valueName\":\"search_term_string\"}}],\"inLanguage\":\"it-IT\"}]}<\/script>\n<!-- \/ Yoast SEO plugin. -->","yoast_head_json":{"title":"Azienda - Zodiac","robots":{"index":"index","follow":"follow","max-snippet":"max-snippet:-1","max-image-preview":"max-image-preview:large","max-video-preview":"max-video-preview:-1"},"canonical":"https:\/\/zodiac.nl\/it\/company\/","og_locale":"it_IT","og_type":"article","og_title":"Azienda - Zodiac","og_description":"UN&#8217;AZIENDA OLANDESE CON UN CUORE, PER GLI HARLEYSTI DI TUTTO IL MONDO L&#8217;urgenza di di personalizzare le Harley-Davidson \u00e8 cresciuta esponenzialmente ogni anno, causando una tremenda richiesta di nuovi accessori. Sia che si costruiscano delle moto da zero, sia che gli Harleysti customizzino le proprie moto originali, Zodiac \u00e8 sempre stata presente sin dall&#8217;inizio fornendo &hellip; Continued","og_url":"https:\/\/zodiac.nl\/it\/company\/","og_site_name":"Zodiac","article_modified_time":"2023-01-16T15:14:18+00:00","og_image":[{"url":"https:\/\/zodiac.nl\/wp-content\/uploads\/2015\/06\/zodiac_magazijn_7-300x200.jpg","type":"","width":"","height":""}],"twitter_card":"summary_large_image","twitter_misc":{"Tempo di lettura stimato":"2 minuti"},"schema":{"@context":"https:\/\/schema.org","@graph":[{"@type":"WebPage","@id":"https:\/\/zodiac.nl\/it\/company\/","url":"https:\/\/zodiac.nl\/it\/company\/","name":"Azienda - Zodiac","isPartOf":{"@id":"https:\/\/zodiac.nl\/de\/#website"},"datePublished":"2015-03-18T13:54:45+00:00","dateModified":"2023-01-16T15:14:18+00:00","breadcrumb":{"@id":"https:\/\/zodiac.nl\/it\/company\/#breadcrumb"},"inLanguage":"it-IT","potentialAction":[{"@type":"ReadAction","target":["https:\/\/zodiac.nl\/it\/company\/"]}]},{"@type":"BreadcrumbList","@id":"https:\/\/zodiac.nl\/it\/company\/#breadcrumb","itemListElement":[{"@type":"ListItem","position":1,"name":"Home","item":"https:\/\/zodiac.nl\/it\/"},{"@type":"ListItem","position":2,"name":"Azienda"}]},{"@type":"WebSite","@id":"https:\/\/zodiac.nl\/de\/#website","url":"https:\/\/zodiac.nl\/de\/","name":"Zodiac","description":"Original parts &amp; accessories for Harley-Davidson","potentialAction":[{"@type":"SearchAction","target":{"@type":"EntryPoint","urlTemplate":"https:\/\/zodiac.nl\/de\/?s={search_term_string}"},"query-input":{"@type":"PropertyValueSpecification","valueRequired":true,"valueName":"search_term_string"}}],"inLanguage":"it-IT"}]}},"_links":{"self":[{"href":"https:\/\/zodiac.nl\/it\/wp-json\/wp\/v2\/pages\/1037","targetHints":{"allow":["GET"]}}],"collection":[{"href":"https:\/\/zodiac.nl\/it\/wp-json\/wp\/v2\/pages"}],"about":[{"href":"https:\/\/zodiac.nl\/it\/wp-json\/wp\/v2\/types\/page"}],"author":[{"embeddable":true,"href":"https:\/\/zodiac.nl\/it\/wp-json\/wp\/v2\/users\/2"}],"replies":[{"embeddable":true,"href":"https:\/\/zodiac.nl\/it\/wp-json\/wp\/v2\/comments?post=1037"}],"version-history":[{"count":9,"href":"https:\/\/zodiac.nl\/it\/wp-json\/wp\/v2\/pages\/1037\/revisions"}],"predecessor-version":[{"id":50921,"href":"https:\/\/zodiac.nl\/it\/wp-json\/wp\/v2\/pages\/1037\/revisions\/50921"}],"wp:attachment":[{"href":"https:\/\/zodiac.nl\/it\/wp-json\/wp\/v2\/media?parent=1037"}],"curies":[{"name":"wp","href":"https:\/\/api.w.org\/{rel}","templated":true}]}}